{"id":78,"date":"2024-12-16T04:12:16","date_gmt":"2024-12-16T02:12:16","guid":{"rendered":"https:\/\/questoriumspace.com\/meie-kohta\/"},"modified":"2024-12-19T10:39:48","modified_gmt":"2024-12-19T08:39:48","slug":"meie-kohta","status":"publish","type":"page","link":"https:\/\/questoriumspace.com\/et\/meie-kohta\/","title":{"rendered":"Meist"},"content":{"rendered":"\n<p>Tere tulemast! Meil on hea meel, et l\u00e4bi h\u00fcppasite. Saame veidi tuttavaks.   <\/p>\n<div class=\"wp-block-image is-style-rounded\">\n<figure class=\"alignright size-full is-resized\"><img loading=\"lazy\" decoding=\"async\" width=\"709\" height=\"992\" src=\"https:\/\/questoriumspace.com\/wp-content\/uploads\/2024\/12\/TM.jpg\" alt=\"\" class=\"wp-image-418\" style=\"width:300px\" srcset=\"https:\/\/questoriumspace.com\/wp-content\/uploads\/2024\/12\/TM.jpg 709w, https:\/\/questoriumspace.com\/wp-content\/uploads\/2024\/12\/TM-214x300.jpg 214w, https:\/\/questoriumspace.com\/wp-content\/uploads\/2024\/12\/TM-416x582.jpg 416w\" sizes=\"auto, (max-width: 709px) 100vw, 709px\" \/><\/figure>\n<\/div>\n<p>Meie oleme Tanja, Margo, Lena ja Aare\u2014lihtsad t\u00f6\u00f6tavad lapsevanemad, kellel on seitsmeaastased lapsed, kes k\u00fcsivad miljoneid k\u00fcsimusi minutis, armastavad multikaid ja vidinaid ning \u00fcle k\u00f5ige naudivad seiklusi. <\/p>\n\n<p>Nagu paljud vanemad, m\u00f5istame, kui raske on leida lastele kaasahaaravaid tegevusi. &#8220;<em>Emme, issi, mul on igav!<\/em>&#8221; ja &#8220;<em>Mida me teha v\u00f5iks?<\/em>&#8221; on k\u00fcsimused, mida kuuleme sama tihti kui teiegi. Samuti teame, kui oluline on \u00fchendada l\u00f5bu \u00f5ppimisega: hoida lapsi tegevuses m\u00e4ngudega, mis arendavad nende loogikat, kujutlusv\u00f5imet ja iseseisvust, andes samal ajal vanematele veidi hinget\u00f5mbeaega.  <\/p>\n\n<p>Meie vihjem\u00e4ngude idee s\u00fcndis ootamatult. \u00dchel p\u00e4eval, olles v\u00e4sinud otsimast huvitavaid ja kasulikke tegevusi, l\u00f5ime oma lastele koduse seikluse \u2013 v\u00e4rvikas, hariv, lihtne \u00fcles seada ja mis k\u00f5ige t\u00e4htsam, l\u00f5bus.  <\/p>\n\n<p>Inspireerituna r\u00f5\u00f5must, mida kogesime koos lastega m\u00e4ngides, ja s\u00f5prade positiivsest tagasisidest, otsustasime selle idee projektiks muuta. N\u00fc\u00fcd oleme p\u00f5nevil, et saame oma vihjem\u00e4ngud teiega jagada. Me unistame, et iga laps kogeks avastamise p\u00f5nevust, samal ajal kui vanemad saavad natuke l\u00f5\u00f5gastuda, teades, et nende lapsed mitte ainult ei m\u00e4ngi, vaid ka \u00f5pivad.   <\/p>\n\n<p>Meie lapsed on kakskeelsed; nad m\u00f5tlevad ja r\u00e4\u00e4givad kahes keeles ning \u00f5pivad koolis inglise keelt. Seet\u00f5ttu pakume iga vihjem\u00e4ngu kolmes keeles: vene, eesti ja inglise keeles.  <\/p>\n\n<p>Nende jaoks on need vihjem\u00e4ngud rohkem kui lihtsalt m\u00e4ngud v\u00f5i ainulaadne viis kingituse saamiseks. Need on t\u00f5elised seiklused, mis muudavad p\u00e4eva erilisemaks.  <\/p>\n<div class=\"wp-block-image is-style-rounded\">\n<figure class=\"alignleft size-large is-resized\"><img loading=\"lazy\" decoding=\"async\" width=\"731\" height=\"1024\" src=\"https:\/\/questoriumspace.com\/wp-content\/uploads\/2024\/12\/LA-731x1024.jpg\" alt=\"\" class=\"wp-image-422\" style=\"width:300px\" srcset=\"https:\/\/questoriumspace.com\/wp-content\/uploads\/2024\/12\/LA-731x1024.jpg 731w, https:\/\/questoriumspace.com\/wp-content\/uploads\/2024\/12\/LA-214x300.jpg 214w, https:\/\/questoriumspace.com\/wp-content\/uploads\/2024\/12\/LA-768x1075.jpg 768w, https:\/\/questoriumspace.com\/wp-content\/uploads\/2024\/12\/LA-1097x1536.jpg 1097w, https:\/\/questoriumspace.com\/wp-content\/uploads\/2024\/12\/LA-1463x2048.jpg 1463w, https:\/\/questoriumspace.com\/wp-content\/uploads\/2024\/12\/LA-416x582.jpg 416w, https:\/\/questoriumspace.com\/wp-content\/uploads\/2024\/12\/LA-scaled.jpg 1828w\" sizes=\"auto, (max-width: 731px) 100vw, 731px\" \/><\/figure>\n<\/div>\n<p>Meie vihjem\u00e4ngud v\u00f5imaldavad lastel:<br\/>&#8211; Sukelduda m\u00f5istatuste, nuputamis\u00fclesannete ja arendavate m\u00e4ngude lahendamisse;<br\/>&#8211; Innukalt lugeda, kirjutada ja arvutada ;<br\/>&#8211; Saada veidi f\u00fc\u00fcsilist koormust;<br\/>&#8211; Arendada loogikat ja meeskonnat\u00f6\u00f6 oskusi ning s\u00fctitada kujutlusv\u00f5imet. <\/p>\n\n<p>Seadistamine v\u00f5tab vaid 10 minutit. Kui lapsed on h\u00f5ivatud lugemise, arvutamise, m\u00f5istatuste lahendamise ja ringi liikumisega, saavad vanemad nautida kuni 45 minutit v\u00e4ljateenitud puhkeaega.  <\/p>\n\n<p>Praegu on meie kollektsioonis vaid kaks vihjem\u00e4ngu, kuid plaanime igal kuul v\u00e4lja anda 2-3 uut. Teie tagasiside on meile hindamatu, sest meil on veel nii palju ideid ja avastusi ees ootamas. Andke meile teada, kuidas l\u00e4heb (igas vihjem\u00e4ngus leiate tagasiside vormi lingi).   <\/p>\n\n<p>Liituge meiega seikluste loomisel! <\/p>\n","protected":false},"excerpt":{"rendered":"<p>Tere tulemast! Meil on hea meel, et l\u00e4bi h\u00fcppasite. Saame veidi tuttavaks. Meie oleme Tanja, Margo, Lena ja Aare\u2014lihtsad t\u00f6\u00f6tavad lapsevanemad, kellel on seitsmeaastased lapsed, kes k\u00fcsivad miljoneid k\u00fcsimusi minutis, armastavad multikaid ja vidinaid ning \u00fcle k\u00f5ige naudivad seiklusi. Nagu paljud vanemad, m\u00f5istame, kui raske on leida lastele kaasahaaravaid tegevusi. &#8220;Emme, issi, mul on igav!&#8221; [&hellip;]<\/p>\n","protected":false},"author":1,"featured_media":0,"parent":0,"menu_order":0,"comment_status":"closed","ping_status":"closed","template":"","meta":{"footnotes":""},"class_list":["post-78","page","type-page","status-publish","hentry"],"jetpack_sharing_enabled":true,"_links":{"self":[{"href":"https:\/\/questoriumspace.com\/et\/wp-json\/wp\/v2\/pages\/78","targetHints":{"allow":["GET"]}}],"collection":[{"href":"https:\/\/questoriumspace.com\/et\/wp-json\/wp\/v2\/pages"}],"about":[{"href":"https:\/\/questoriumspace.com\/et\/wp-json\/wp\/v2\/types\/page"}],"author":[{"embeddable":true,"href":"https:\/\/questoriumspace.com\/et\/wp-json\/wp\/v2\/users\/1"}],"replies":[{"embeddable":true,"href":"https:\/\/questoriumspace.com\/et\/wp-json\/wp\/v2\/comments?post=78"}],"version-history":[{"count":10,"href":"https:\/\/questoriumspace.com\/et\/wp-json\/wp\/v2\/pages\/78\/revisions"}],"predecessor-version":[{"id":489,"href":"https:\/\/questoriumspace.com\/et\/wp-json\/wp\/v2\/pages\/78\/revisions\/489"}],"wp:attachment":[{"href":"https:\/\/questoriumspace.com\/et\/wp-json\/wp\/v2\/media?parent=78"}],"curies":[{"name":"wp","href":"https:\/\/api.w.org\/{rel}","templated":true}]}}