{"id":88,"date":"2024-12-16T04:17:55","date_gmt":"2024-12-16T02:17:55","guid":{"rendered":"https:\/\/questoriumspace.com\/osta-mang\/"},"modified":"2025-12-07T17:25:15","modified_gmt":"2025-12-07T15:25:15","slug":"osta-mang","status":"publish","type":"page","link":"https:\/\/questoriumspace.com\/et\/osta-mang\/","title":{"rendered":"Osta m\u00e4ng"},"content":{"rendered":"\n<div data-align-buttons=\"false\" data-block-name=\"woocommerce\/all-products\" data-columns=\"4\" data-content-visibility=\"{&quot;orderBy&quot;:false}\" data-layout-config=\"[[&quot;woocommerce\\\/product-image&quot;,{&quot;imageSizing&quot;:&quot;thumbnail&quot;}],[&quot;woocommerce\\\/product-title&quot;],[&quot;woocommerce\\\/product-price&quot;],[&quot;woocommerce\\\/product-rating&quot;],[&quot;woocommerce\\\/product-button&quot;]]\" data-orderby=\"menu_order\" data-rows=\"4\" class=\"wp-block-woocommerce-all-products wc-block-all-products\" data-attributes=\"{&quot;alignButtons&quot;:false,&quot;columns&quot;:4,&quot;contentVisibility&quot;:{&quot;orderBy&quot;:false},&quot;isPreview&quot;:false,&quot;layoutConfig&quot;:[[&quot;woocommerce\/product-image&quot;,{&quot;imageSizing&quot;:&quot;thumbnail&quot;}],[&quot;woocommerce\/product-title&quot;],[&quot;woocommerce\/product-price&quot;],[&quot;woocommerce\/product-rating&quot;],[&quot;woocommerce\/product-button&quot;]],&quot;orderby&quot;:&quot;menu_order&quot;,&quot;rows&quot;:4}\"><\/div>\n\n<h4 class=\"wp-block-heading\"><strong>Vihjem\u00e4ngud on saadaval kolmes keeles &#8211; eesti, inglise ja vene keeles. Valige oma eelistatud keel ja \u00fcks kahest formaadist:<\/strong><\/h4>\n\n<ul class=\"wp-block-list\">\n<li><strong>PDF-fail ise tr\u00fckkimiseks<\/strong> \u2013 soovitame v\u00e4rvilist printimist, kuid mustvalge on samuti v\u00f5imalik.<\/li>\n\n\n\n<li><strong>Valmis tr\u00fckitud<\/strong> \u2013 saadetakse teile postiga (k\u00e4ttesaadav pakiautomaatidest). Samuti lisatakse allalaaditav PDF.<\/li>\n<\/ul>\n\n<h4 class=\"wp-block-heading\"><strong>Mis sisaldub:<\/strong><\/h4>\n\n<ul class=\"wp-block-list\">\n<li>\u00dcksikasjalik juhend, mis aitab vihjem\u00e4ngu kiiresti ja vaevata ette valmistada,<\/li>\n\n\n\n<li>Erksad ja kaasahaaravad \u00fclesandelehed vihjetega,<\/li>\n\n\n\n<li>V\u00f5itjate medalid.<\/li>\n<\/ul>\n\n<h4 class=\"wp-block-heading\"><strong>Lihtsad sammud alustamiseks:<\/strong><\/h4>\n\n<ol class=\"wp-block-list\">\n<li><strong>Valmistage vihjed ette<\/strong> \u2013 k\u00f5ik, mida vajate, on k\u00e4\u00e4rid ja v\u00f5ib-olla veidi liimi.<\/li>\n\n\n\n<li><strong>Peida vihjed ja \u00fcllatus<\/strong> \u2013 J\u00e4rgi juhiseid, et paigutada \u00fclesandevihjed, v\u00f5itjate medalid ja soovi korral ka l\u00f5ppkingitus (sinu poolt ette valmistatud) soovitatud asukohtadesse.<\/li>\n\n\n\n<li><strong>Lase seiklusel alata!<\/strong><\/li>\n<\/ol>\n","protected":false},"excerpt":{"rendered":"<p>Vihjem\u00e4ngud on saadaval kolmes keeles &#8211; eesti, inglise ja vene keeles. Valige oma eelistatud keel ja \u00fcks kahest formaadist: Mis sisaldub: Lihtsad sammud alustamiseks:<\/p>\n","protected":false},"author":1,"featured_media":0,"parent":0,"menu_order":0,"comment_status":"closed","ping_status":"closed","template":"","meta":{"footnotes":""},"class_list":["post-88","page","type-page","status-publish","hentry"],"jetpack_sharing_enabled":true,"_links":{"self":[{"href":"https:\/\/questoriumspace.com\/et\/wp-json\/wp\/v2\/pages\/88","targetHints":{"allow":["GET"]}}],"collection":[{"href":"https:\/\/questoriumspace.com\/et\/wp-json\/wp\/v2\/pages"}],"about":[{"href":"https:\/\/questoriumspace.com\/et\/wp-json\/wp\/v2\/types\/page"}],"author":[{"embeddable":true,"href":"https:\/\/questoriumspace.com\/et\/wp-json\/wp\/v2\/users\/1"}],"replies":[{"embeddable":true,"href":"https:\/\/questoriumspace.com\/et\/wp-json\/wp\/v2\/comments?post=88"}],"version-history":[{"count":13,"href":"https:\/\/questoriumspace.com\/et\/wp-json\/wp\/v2\/pages\/88\/revisions"}],"predecessor-version":[{"id":608,"href":"https:\/\/questoriumspace.com\/et\/wp-json\/wp\/v2\/pages\/88\/revisions\/608"}],"wp:attachment":[{"href":"https:\/\/questoriumspace.com\/et\/wp-json\/wp\/v2\/media?parent=88"}],"curies":[{"name":"wp","href":"https:\/\/api.w.org\/{rel}","templated":true}]}}