{"id":92,"date":"2024-12-16T04:12:37","date_gmt":"2024-12-16T02:12:37","guid":{"rendered":"https:\/\/questoriumspace.com\/vihjemangudest\/"},"modified":"2024-12-22T20:09:49","modified_gmt":"2024-12-22T18:09:49","slug":"vihjemangudest","status":"publish","type":"page","link":"https:\/\/questoriumspace.com\/et\/vihjemangudest\/","title":{"rendered":"Meie vihjem\u00e4ngud"},"content":{"rendered":"<div class=\"wp-block-image\">\n<figure class=\"alignright size-large is-resized\"><img loading=\"lazy\" decoding=\"async\" width=\"1024\" height=\"1024\" src=\"https:\/\/questoriumspace.com\/wp-content\/uploads\/2024\/12\/02_before_eesti_8902-1024x1024.jpg\" alt=\"\" class=\"wp-image-556\" style=\"width:500px\" srcset=\"https:\/\/questoriumspace.com\/wp-content\/uploads\/2024\/12\/02_before_eesti_8902-1024x1024.jpg 1024w, https:\/\/questoriumspace.com\/wp-content\/uploads\/2024\/12\/02_before_eesti_8902-300x300.jpg 300w, https:\/\/questoriumspace.com\/wp-content\/uploads\/2024\/12\/02_before_eesti_8902-150x150.jpg 150w, https:\/\/questoriumspace.com\/wp-content\/uploads\/2024\/12\/02_before_eesti_8902-768x768.jpg 768w, https:\/\/questoriumspace.com\/wp-content\/uploads\/2024\/12\/02_before_eesti_8902-1536x1536.jpg 1536w, https:\/\/questoriumspace.com\/wp-content\/uploads\/2024\/12\/02_before_eesti_8902-2048x2048.jpg 2048w, https:\/\/questoriumspace.com\/wp-content\/uploads\/2024\/12\/02_before_eesti_8902-324x324.jpg 324w, https:\/\/questoriumspace.com\/wp-content\/uploads\/2024\/12\/02_before_eesti_8902-416x416.jpg 416w, https:\/\/questoriumspace.com\/wp-content\/uploads\/2024\/12\/02_before_eesti_8902-100x100.jpg 100w, https:\/\/questoriumspace.com\/wp-content\/uploads\/2024\/12\/02_before_eesti_8902-50x50.jpg 50w\" sizes=\"auto, (max-width: 1024px) 100vw, 1024px\" \/><\/figure>\n<\/div>\n<p><strong>Vihjem\u00e4ngud 6-10-aastastele lastele<\/strong><br\/>Need vihjem\u00e4ngud sobivad suurep\u00e4raselt lastele, kes alles alustavad lugemise ja kirjutamisega, samuti neile, kes on nendes oskustes juba kindlad. Kuigi lapsed v\u00f5ivad m\u00f5istatuste lahendamisel vajada pisut abi, on k\u00f5ige parem juhendada neid suunavate k\u00fcsimustega, julgustades neid \u00fclesandeid iseseisvalt lahendama. <\/p>\n\n<p><strong>Saab m\u00e4ngida igas kodus<\/strong><br\/>Peidukohad on igap\u00e4evased paigad, mis leiduvad igas kodus, nagu lauad, toolid, aknad v\u00f5i kapid.<\/p>\n\n<p><strong>Erilist s\u00fcndmust pole vaja<\/strong><br\/>Loo seiklus igal sobival p\u00e4eval. See on suurep\u00e4rane viis muuta tavaline p\u00e4ev millekski erksaks ja meeldej\u00e4\u00e4vaks. <\/p>\n\n<p><strong>L\u00f5bus \u00fcksi v\u00f5i s\u00f5pradega<\/strong><br\/>Vihjem\u00e4ngud sobivad ideaalselt nii \u00fcksi m\u00e4ngimiseks kui ka l\u00f5busaks ajaveetmiseks s\u00f5pradega (soovitame kuni neljaliikmelisi gruppe). Need on kaasahaaravad, harivad ja pakuvad ekraanivaba, vidinavaba kogemust! <\/p>\n\n<p><strong>Kasuta vihjem\u00e4ngu v\u00f5\u00f5rkeele \u00f5ppimiseks<\/strong><br\/>V\u00f5\u00f5rkeeles vihjem\u00e4ngu m\u00e4ngimine viib lapsed keelekeskkonda, kus iga samm n\u00f5uab aktiivset \u00f5pitava keele kasutamist. K\u00f5ik vihjem\u00e4ngud on saadaval <strong>eesti, vene ja inglise keeles<\/strong>. Neid keeli emakeelena k\u00f5nelejate poolt kontrollitud tekstid tagavad, et lapsed \u00f5pivad t\u00e4pseid ja asjakohaseid keelestruktuure.  <\/p>\n\n<p><strong>Ei saa vihjem\u00e4ngu ise printida? Pole probleemi! <\/strong> <br\/>Lisaks allalaaditavale PDF-ile iseseisvaks printimiseks saate tellida valmis prinditud vihjem\u00e4ngu, mille saadame teie poolt valitud pakiautomaati.<\/p>\n\n<div class=\"wp-block-buttons is-layout-flex wp-block-buttons-is-layout-flex\">\n<div class=\"wp-block-button\"><a class=\"wp-block-button__link wp-element-button\" href=\"https:\/\/questoriumspace.com\/et\/osta-mang\/\">Osta m\u00e4ng<\/a><\/div>\n<\/div>\n\n<p><\/p>\n","protected":false},"excerpt":{"rendered":"<p>Vihjem\u00e4ngud 6-10-aastastele lasteleNeed vihjem\u00e4ngud sobivad suurep\u00e4raselt lastele, kes alles alustavad lugemise ja kirjutamisega, samuti neile, kes on nendes oskustes juba kindlad. Kuigi lapsed v\u00f5ivad m\u00f5istatuste lahendamisel vajada pisut abi, on k\u00f5ige parem juhendada neid suunavate k\u00fcsimustega, julgustades neid \u00fclesandeid iseseisvalt lahendama. Saab m\u00e4ngida igas kodusPeidukohad on igap\u00e4evased paigad, mis leiduvad igas kodus, nagu lauad, toolid, [&hellip;]<\/p>\n","protected":false},"author":1,"featured_media":0,"parent":0,"menu_order":0,"comment_status":"closed","ping_status":"closed","template":"","meta":{"footnotes":""},"class_list":["post-92","page","type-page","status-publish","hentry"],"jetpack_sharing_enabled":true,"_links":{"self":[{"href":"https:\/\/questoriumspace.com\/et\/wp-json\/wp\/v2\/pages\/92","targetHints":{"allow":["GET"]}}],"collection":[{"href":"https:\/\/questoriumspace.com\/et\/wp-json\/wp\/v2\/pages"}],"about":[{"href":"https:\/\/questoriumspace.com\/et\/wp-json\/wp\/v2\/types\/page"}],"author":[{"embeddable":true,"href":"https:\/\/questoriumspace.com\/et\/wp-json\/wp\/v2\/users\/1"}],"replies":[{"embeddable":true,"href":"https:\/\/questoriumspace.com\/et\/wp-json\/wp\/v2\/comments?post=92"}],"version-history":[{"count":9,"href":"https:\/\/questoriumspace.com\/et\/wp-json\/wp\/v2\/pages\/92\/revisions"}],"predecessor-version":[{"id":565,"href":"https:\/\/questoriumspace.com\/et\/wp-json\/wp\/v2\/pages\/92\/revisions\/565"}],"wp:attachment":[{"href":"https:\/\/questoriumspace.com\/et\/wp-json\/wp\/v2\/media?parent=92"}],"curies":[{"name":"wp","href":"https:\/\/api.w.org\/{rel}","templated":true}]}}