{"id":110,"date":"2024-12-16T04:31:03","date_gmt":"2024-12-16T02:31:03","guid":{"rendered":"https:\/\/questoriumspace.com\/product\/pakapikkude-vingerpussid\/"},"modified":"2025-01-08T15:22:07","modified_gmt":"2025-01-08T13:22:07","slug":"pakapikkude-vingerpussid","status":"publish","type":"product","link":"https:\/\/questoriumspace.com\/et\/product\/pakapikkude-vingerpussid\/","title":{"rendered":"P\u00e4kapikkude vingerpussid"},"content":{"rendered":"<h4><strong>Aita J\u00f5uluvana ja p\u00e4\u00e4sta pidu<\/strong><\/h4>\n<p>J\u00f5uluvana tahtis korraldada pidustuse k\u00f5igile lastele, kuid juhtus \u00f5nnetus. Kurjad p\u00e4kapikud peitsid maagilise loitsu, ilma milleta ei saa pidu toimuda. Sinu \u00fclesanne on leida k\u00f5ik peidetud vihjed, lahendada m\u00f5istatusi ja nuputamis\u00fclesandeid ning leida maagiline loits, et pidu p\u00e4\u00e4sta. Seiklus algab!   <\/p>\n<p>See vihjem\u00e4ng on eriline viis kinkida uusaasta- v\u00f5i j\u00f5ulukingitus v\u00f5i lihtsalt veeta talve\u00f5htu l\u00f5busalt ja kasulikult.<\/p>\n<p>\u00dclesannete peidukohad kuvatakse peale soovitava keele valimist<\/p>\n","protected":false},"excerpt":{"rendered":"<p>Aita J\u00f5uluvana ja p\u00e4\u00e4sta pidu J\u00f5uluvana tahtis korraldada pidustuse k\u00f5igile lastele, kuid juhtus \u00f5nnetus. Kurjad p\u00e4kapikud peitsid maagilise loitsu, ilma milleta ei saa pidu toimuda. Sinu \u00fclesanne on leida k\u00f5ik peidetud vihjed, lahendada m\u00f5istatusi ja nuputamis\u00fclesandeid ning leida maagiline loits, et pidu p\u00e4\u00e4sta. Seiklus algab! See vihjem\u00e4ng on eriline viis kinkida uusaasta- v\u00f5i j\u00f5ulukingitus v\u00f5i [&hellip;]<\/p>\n","protected":false},"featured_media":74,"comment_status":"open","ping_status":"closed","template":"","meta":[],"product_brand":[],"product_cat":[39],"product_tag":[],"class_list":{"0":"post-110","1":"product","2":"type-product","3":"status-publish","4":"has-post-thumbnail","6":"product_cat-kategooriata","8":"first","9":"instock","10":"shipping-taxable","11":"purchasable","12":"product-type-variable","13":"has-default-attributes"},"jetpack_sharing_enabled":true,"_links":{"self":[{"href":"https:\/\/questoriumspace.com\/et\/wp-json\/wp\/v2\/product\/110","targetHints":{"allow":["GET"]}}],"collection":[{"href":"https:\/\/questoriumspace.com\/et\/wp-json\/wp\/v2\/product"}],"about":[{"href":"https:\/\/questoriumspace.com\/et\/wp-json\/wp\/v2\/types\/product"}],"replies":[{"embeddable":true,"href":"https:\/\/questoriumspace.com\/et\/wp-json\/wp\/v2\/comments?post=110"}],"wp:featuredmedia":[{"embeddable":true,"href":"https:\/\/questoriumspace.com\/et\/wp-json\/wp\/v2\/media\/74"}],"wp:attachment":[{"href":"https:\/\/questoriumspace.com\/et\/wp-json\/wp\/v2\/media?parent=110"}],"wp:term":[{"taxonomy":"product_brand","embeddable":true,"href":"https:\/\/questoriumspace.com\/et\/wp-json\/wp\/v2\/product_brand?post=110"},{"taxonomy":"product_cat","embeddable":true,"href":"https:\/\/questoriumspace.com\/et\/wp-json\/wp\/v2\/product_cat?post=110"},{"taxonomy":"product_tag","embeddable":true,"href":"https:\/\/questoriumspace.com\/et\/wp-json\/wp\/v2\/product_tag?post=110"}],"curies":[{"name":"wp","href":"https:\/\/api.w.org\/{rel}","templated":true}]}}