{"id":388,"date":"2024-12-18T01:16:48","date_gmt":"2024-12-17T23:16:48","guid":{"rendered":"https:\/\/questoriumspace.com\/product\/tahtede-otsingul\/"},"modified":"2025-03-22T06:52:33","modified_gmt":"2025-03-22T04:52:33","slug":"tahtede-otsingul","status":"publish","type":"product","link":"https:\/\/questoriumspace.com\/et\/product\/tahtede-otsingul\/","title":{"rendered":"T\u00e4htede otsingul"},"content":{"rendered":"<p>Kaugel, kaugel galaktikas asub maagiline T\u00e4hekuningriik, kus elavad s\u00f5bralikud tulnukad ja muinasjutulised olendid. Kuid kuri n\u00f5id Kuupaalg varastas k\u00f5ik nende maagilised t\u00e4hed, mis valgustasid kuningriigi planeete. Ilma t\u00e4htedetta langeb kuningriik igavesse pimedusse. Galaktika T\u00e4helaevastiku admiral kutsub k\u00f5iki lapsi osalema kosmilises seikluses leidmaks t\u00e4hed ja p\u00e4\u00e4stmaks kunigriik. <\/p>\n<p>M\u00e4ngu jooksul saavad lapsed teada huvitavaid fakte kosmose kohta, kasutavad neid m\u00f5istatuste lahendamisel ja l\u00e4bivad p\u00f5nevaid v\u00e4ljakutseid, mis aitavad arendada nende loogilist m\u00f5tlemist.   <\/p>\n","protected":false},"excerpt":{"rendered":"<p>Kaugel, kaugel galaktikas asub maagiline T\u00e4hekuningriik, kus elavad s\u00f5bralikud tulnukad ja muinasjutulised olendid. Kuid kuri n\u00f5id Kuupaalg varastas k\u00f5ik nende maagilised t\u00e4hed, mis valgustasid kuningriigi planeete. Ilma t\u00e4htedetta langeb kuningriik igavesse pimedusse. Galaktika T\u00e4helaevastiku admiral kutsub k\u00f5iki lapsi osalema kosmilises seikluses leidmaks t\u00e4hed ja p\u00e4\u00e4stmaks kunigriik. M\u00e4ngu jooksul saavad lapsed teada huvitavaid fakte kosmose kohta, [&hellip;]<\/p>\n","protected":false},"featured_media":653,"comment_status":"open","ping_status":"closed","template":"","meta":[],"product_brand":[],"product_cat":[39],"product_tag":[],"class_list":{"0":"post-388","1":"product","2":"type-product","3":"status-publish","4":"has-post-thumbnail","6":"product_cat-kategooriata","8":"first","9":"instock","10":"shipping-taxable","11":"purchasable","12":"product-type-variable","13":"has-default-attributes"},"jetpack_sharing_enabled":true,"_links":{"self":[{"href":"https:\/\/questoriumspace.com\/et\/wp-json\/wp\/v2\/product\/388","targetHints":{"allow":["GET"]}}],"collection":[{"href":"https:\/\/questoriumspace.com\/et\/wp-json\/wp\/v2\/product"}],"about":[{"href":"https:\/\/questoriumspace.com\/et\/wp-json\/wp\/v2\/types\/product"}],"replies":[{"embeddable":true,"href":"https:\/\/questoriumspace.com\/et\/wp-json\/wp\/v2\/comments?post=388"}],"wp:featuredmedia":[{"embeddable":true,"href":"https:\/\/questoriumspace.com\/et\/wp-json\/wp\/v2\/media\/653"}],"wp:attachment":[{"href":"https:\/\/questoriumspace.com\/et\/wp-json\/wp\/v2\/media?parent=388"}],"wp:term":[{"taxonomy":"product_brand","embeddable":true,"href":"https:\/\/questoriumspace.com\/et\/wp-json\/wp\/v2\/product_brand?post=388"},{"taxonomy":"product_cat","embeddable":true,"href":"https:\/\/questoriumspace.com\/et\/wp-json\/wp\/v2\/product_cat?post=388"},{"taxonomy":"product_tag","embeddable":true,"href":"https:\/\/questoriumspace.com\/et\/wp-json\/wp\/v2\/product_tag?post=388"}],"curies":[{"name":"wp","href":"https:\/\/api.w.org\/{rel}","templated":true}]}}