{"id":632,"date":"2026-04-06T20:28:54","date_gmt":"2026-04-06T17:28:54","guid":{"rendered":"https:\/\/questoriumspace.com\/product\/iidsete-tsivilisatsioonide-saladused\/"},"modified":"2026-04-06T21:10:49","modified_gmt":"2026-04-06T18:10:49","slug":"iidsete-tsivilisatsioonide-saladused","status":"publish","type":"product","link":"https:\/\/questoriumspace.com\/et\/product\/iidsete-tsivilisatsioonide-saladused\/","title":{"rendered":"Iidsete tsivilisatsioonide saladused"},"content":{"rendered":"<p><span data-olk-copy-source=\"MessageBody\">Kunagi ammustel aegadel, kui maailm oli t\u00e4is saladusi ja lahendamata m\u00f5istatusi, elas tark mees nimega Asterius Hoidja. Ta r\u00e4ndas m\u00f6\u00f6da kaugeid maid ja kogus iidseid teadmisi ning tarkusi. Enne oma kadumist peitis Asterius sinu koju \u00fche vana k\u00e4sikirja. Selles k\u00e4sikirjas peituvad muistsed m\u00f5istatused. Asterius uskus, et ainult k\u00f5ige julgemad ja teravama m\u00f5istusega otsijad suudavad need lahendada. Et proovile panna neid, kes teadmisi otsivad, l\u00f5i ta terve m\u00f5istatuste jada. Iga lahendatud m\u00f5istatus juhatab sind j\u00e4rgmise vihjeni. Kui suudad k\u00f5ik \u00fclesanded lahendada, leiad l\u00f5puks iidse k\u00e4sikirja.      <\/span><\/p>\n","protected":false},"excerpt":{"rendered":"<p>Kunagi ammustel aegadel, kui maailm oli t\u00e4is saladusi ja lahendamata m\u00f5istatusi, elas tark mees nimega Asterius Hoidja. Ta r\u00e4ndas m\u00f6\u00f6da kaugeid maid ja kogus iidseid teadmisi ning tarkusi. Enne oma kadumist peitis Asterius sinu koju \u00fche vana k\u00e4sikirja. Selles k\u00e4sikirjas peituvad muistsed m\u00f5istatused. Asterius uskus, et ainult k\u00f5ige julgemad ja teravama m\u00f5istusega otsijad suudavad need [&hellip;]<\/p>\n","protected":false},"featured_media":650,"comment_status":"open","ping_status":"closed","template":"","meta":[],"product_brand":[],"product_cat":[39],"product_tag":[],"class_list":{"0":"post-632","1":"product","2":"type-product","3":"status-publish","4":"has-post-thumbnail","6":"product_cat-kategooriata","8":"first","9":"instock","10":"shipping-taxable","11":"purchasable","12":"product-type-variable"},"jetpack_sharing_enabled":true,"_links":{"self":[{"href":"https:\/\/questoriumspace.com\/et\/wp-json\/wp\/v2\/product\/632","targetHints":{"allow":["GET"]}}],"collection":[{"href":"https:\/\/questoriumspace.com\/et\/wp-json\/wp\/v2\/product"}],"about":[{"href":"https:\/\/questoriumspace.com\/et\/wp-json\/wp\/v2\/types\/product"}],"replies":[{"embeddable":true,"href":"https:\/\/questoriumspace.com\/et\/wp-json\/wp\/v2\/comments?post=632"}],"wp:featuredmedia":[{"embeddable":true,"href":"https:\/\/questoriumspace.com\/et\/wp-json\/wp\/v2\/media\/650"}],"wp:attachment":[{"href":"https:\/\/questoriumspace.com\/et\/wp-json\/wp\/v2\/media?parent=632"}],"wp:term":[{"taxonomy":"product_brand","embeddable":true,"href":"https:\/\/questoriumspace.com\/et\/wp-json\/wp\/v2\/product_brand?post=632"},{"taxonomy":"product_cat","embeddable":true,"href":"https:\/\/questoriumspace.com\/et\/wp-json\/wp\/v2\/product_cat?post=632"},{"taxonomy":"product_tag","embeddable":true,"href":"https:\/\/questoriumspace.com\/et\/wp-json\/wp\/v2\/product_tag?post=632"}],"curies":[{"name":"wp","href":"https:\/\/api.w.org\/{rel}","templated":true}]}}